{"id":970,"date":"2024-09-22T07:59:55","date_gmt":"2024-09-22T07:59:55","guid":{"rendered":"http:\/\/localhost\/WParkos\/?page_id=970"},"modified":"2024-10-28T13:55:34","modified_gmt":"2024-10-28T12:55:34","slug":"downloads","status":"publish","type":"page","link":"https:\/\/arkos.sk\/index.php\/downloads\/","title":{"rendered":"Downloads"},"content":{"rendered":"\t\t<div data-elementor-type=\"wp-page\" data-elementor-id=\"970\" class=\"elementor elementor-970\">\n\t\t\t\t<div class=\"elementor-element elementor-element-8409267 e-flex e-con-boxed e-con e-parent\" data-id=\"8409267\" data-element_type=\"container\" data-settings=\"{&quot;background_background&quot;:&quot;slideshow&quot;,&quot;background_slideshow_gallery&quot;:[{&quot;id&quot;:1316,&quot;url&quot;:&quot;https:\\\/\\\/arkos.sk\\\/wp-content\\\/uploads\\\/2024\\\/10\\\/pexels-googledeepmind-18069694-scaled.jpg&quot;}],&quot;background_slideshow_loop&quot;:&quot;yes&quot;,&quot;background_slideshow_slide_duration&quot;:5000,&quot;background_slideshow_slide_transition&quot;:&quot;fade&quot;,&quot;background_slideshow_transition_duration&quot;:500}\">\n\t\t\t\t\t<div class=\"e-con-inner\">\n\t\t\t\t\t<\/div>\n\t\t\t\t<\/div>\n\t\t<div class=\"elementor-element elementor-element-1da1424f e-flex e-con-boxed e-con e-parent\" data-id=\"1da1424f\" data-element_type=\"container\">\n\t\t\t\t\t<div class=\"e-con-inner\">\n\t\t\t\t<div class=\"elementor-element elementor-element-0940260 elementor-widget-divider--view-line elementor-widget elementor-widget-divider\" data-id=\"0940260\" data-element_type=\"widget\" data-widget_type=\"divider.default\">\n\t\t\t\t<div class=\"elementor-widget-container\">\n\t\t\t\t\t\t\t<div class=\"elementor-divider\">\n\t\t\t<span class=\"elementor-divider-separator\">\n\t\t\t\t\t\t<\/span>\n\t\t<\/div>\n\t\t\t\t\t\t<\/div>\n\t\t\t\t<\/div>\n\t\t\t\t<div class=\"elementor-element elementor-element-5e2f85aa elementor-widget elementor-widget-text-editor\" data-id=\"5e2f85aa\" data-element_type=\"widget\" data-widget_type=\"text-editor.default\">\n\t\t\t\t<div class=\"elementor-widget-container\">\n\t\t\t\t\t\t\t\t\t<h4 class=\"wp-block-heading\"><a href=\"https:\/\/arkos.sk\/index.php\/l-e-al-e-a-uafalan-akrualne-uctovnictvol-e-a\/\">L.E.A. Uafalan &#8211; Akru\u00e1lne \u00da\u010dtovn\u00edctvo<\/a><\/h4>\n<h6 class=\"wp-block-heading\">Podvojn\u00e9 \u00fa\u010dtovn\u00edctvo pre organiz\u00e1cie MZ SR, NO a V\u00daC<\/h6>\n<p><!-- \/wp:heading --><\/p>\t\t\t\t\t\t\t\t<\/div>\n\t\t\t\t<\/div>\n\t\t\t\t<div class=\"elementor-element elementor-element-facbc45 elementor-widget elementor-widget-text-editor\" data-id=\"facbc45\" data-element_type=\"widget\" data-widget_type=\"text-editor.default\">\n\t\t\t\t<div class=\"elementor-widget-container\">\n\t\t\t\t\t\t\t\t\t<p><!-- wp:heading --><\/p>\n<h4 class=\"wp-block-heading\"><a href=\"https:\/\/arkos.sk\/index.php\/l-e-a-uafalan-9-miestna-analytika\/\">L.E.A. Uafalan 9-miestna analytika<\/a><\/h4>\n<h6>Podvojn\u00e9 \u00fa\u010dtovn\u00edctvo s pevne nastavenou 9-miestnou analytikou<\/h6>\n<p><!-- \/wp:heading --><\/p>\n<p><!-- wp:paragraph --><\/p>\n<p><!-- \/wp:paragraph --><\/p>\t\t\t\t\t\t\t\t<\/div>\n\t\t\t\t<\/div>\n\t\t\t\t<div class=\"elementor-element elementor-element-6d9bdd9 elementor-widget-divider--view-line elementor-widget elementor-widget-divider\" data-id=\"6d9bdd9\" data-element_type=\"widget\" data-widget_type=\"divider.default\">\n\t\t\t\t<div class=\"elementor-widget-container\">\n\t\t\t\t\t\t\t<div class=\"elementor-divider\">\n\t\t\t<span class=\"elementor-divider-separator\">\n\t\t\t\t\t\t<\/span>\n\t\t<\/div>\n\t\t\t\t\t\t<\/div>\n\t\t\t\t<\/div>\n\t\t\t\t<div class=\"elementor-element elementor-element-e0ff0b5 elementor-widget elementor-widget-text-editor\" data-id=\"e0ff0b5\" data-element_type=\"widget\" data-widget_type=\"text-editor.default\">\n\t\t\t\t<div class=\"elementor-widget-container\">\n\t\t\t\t\t\t\t\t\t<p><!-- wp:heading --><\/p>\n<h4 class=\"wp-block-heading\"><a href=\"https:\/\/arkos.sk\/index.php\/l-e-a-uafalan-standard-2\/\/\">L.E.A. Uafalan \u0161tandard<\/a><\/h4>\n<h6>\u0160tandardn\u00e1 verzia podvojn\u00e9ho \u00fa\u010dtovn\u00edctva &#8211; podnikatelia<\/h6>\n<p><!-- \/wp:heading --><\/p>\n<p><!-- wp:paragraph --><\/p>\n<p><!-- \/wp:paragraph --><\/p>\t\t\t\t\t\t\t\t<\/div>\n\t\t\t\t<\/div>\n\t\t\t\t<div class=\"elementor-element elementor-element-479e29b elementor-widget-divider--view-line elementor-widget elementor-widget-divider\" data-id=\"479e29b\" data-element_type=\"widget\" data-widget_type=\"divider.default\">\n\t\t\t\t<div class=\"elementor-widget-container\">\n\t\t\t\t\t\t\t<div class=\"elementor-divider\">\n\t\t\t<span class=\"elementor-divider-separator\">\n\t\t\t\t\t\t<\/span>\n\t\t<\/div>\n\t\t\t\t\t\t<\/div>\n\t\t\t\t<\/div>\n\t\t\t\t<div class=\"elementor-element elementor-element-5be0741 elementor-widget elementor-widget-text-editor\" data-id=\"5be0741\" data-element_type=\"widget\" data-widget_type=\"text-editor.default\">\n\t\t\t\t<div class=\"elementor-widget-container\">\n\t\t\t\t\t\t\t\t\t<p><!-- wp:heading --><\/p>\n<h4 class=\"wp-block-heading\"><a href=\"https:\/\/arkos.sk\/index.php\/l-e-a-uafalan-multi-user\/\">L.E.A. Uafalan Multi user<\/a><\/h4>\n<h6>Verzia podvojn\u00e9ho \u00fa\u010dtovn\u00edctva \u0161tandard roz\u0161\u00edren\u00e1 na 10 firiem<\/h6>\n<p><!-- \/wp:heading --><\/p>\n<p><!-- wp:paragraph --><\/p>\n<p><!-- \/wp:paragraph --><\/p>\t\t\t\t\t\t\t\t<\/div>\n\t\t\t\t<\/div>\n\t\t\t\t<div class=\"elementor-element elementor-element-a3dcb20 elementor-widget-divider--view-line elementor-widget elementor-widget-divider\" data-id=\"a3dcb20\" data-element_type=\"widget\" data-widget_type=\"divider.default\">\n\t\t\t\t<div class=\"elementor-widget-container\">\n\t\t\t\t\t\t\t<div class=\"elementor-divider\">\n\t\t\t<span class=\"elementor-divider-separator\">\n\t\t\t\t\t\t<\/span>\n\t\t<\/div>\n\t\t\t\t\t\t<\/div>\n\t\t\t\t<\/div>\n\t\t\t\t<div class=\"elementor-element elementor-element-606171b elementor-widget elementor-widget-text-editor\" data-id=\"606171b\" data-element_type=\"widget\" data-widget_type=\"text-editor.default\">\n\t\t\t\t<div class=\"elementor-widget-container\">\n\t\t\t\t\t\t\t\t\t<p><!-- wp:heading --><\/p>\n<h4 class=\"wp-block-heading\"><a href=\"https:\/\/arkos.sk\/index.php\/l-e-a-obchod\/\/\">L.E.A. Obchod<\/a><\/h4>\n<h6>Obchodn\u00fd syst\u00e9m \u0161tandardn\u00e1 verzia<\/h6>\n<p><!-- \/wp:heading --><\/p>\n<p><!-- wp:paragraph --><\/p>\n<p><!-- \/wp:paragraph --><\/p>\t\t\t\t\t\t\t\t<\/div>\n\t\t\t\t<\/div>\n\t\t\t\t<div class=\"elementor-element elementor-element-53ffdca elementor-widget-divider--view-line elementor-widget elementor-widget-divider\" data-id=\"53ffdca\" data-element_type=\"widget\" data-widget_type=\"divider.default\">\n\t\t\t\t<div class=\"elementor-widget-container\">\n\t\t\t\t\t\t\t<div class=\"elementor-divider\">\n\t\t\t<span class=\"elementor-divider-separator\">\n\t\t\t\t\t\t<\/span>\n\t\t<\/div>\n\t\t\t\t\t\t<\/div>\n\t\t\t\t<\/div>\n\t\t\t\t<div class=\"elementor-element elementor-element-73029d9 elementor-widget elementor-widget-text-editor\" data-id=\"73029d9\" data-element_type=\"widget\" data-widget_type=\"text-editor.default\">\n\t\t\t\t<div class=\"elementor-widget-container\">\n\t\t\t\t\t\t\t\t\t<p><!-- wp:heading --><\/p>\n<h4 class=\"wp-block-heading\"><a href=\"https:\/\/arkos.sk\/index.php\/l-e-a-pos-pokladnica-e-kasa\/\">L.E.A. POS pokladnica &#8211; e-Kasa<\/a><\/h4>\n<h6>POS pokladni\u010dn\u00fd software pracuj\u00faci s e-kasou od spolo\u010dnosti BOWA<\/h6>\n<p><!-- \/wp:heading --><\/p>\n<p><!-- wp:paragraph --><\/p>\n<p><!-- \/wp:paragraph --><\/p>\t\t\t\t\t\t\t\t<\/div>\n\t\t\t\t<\/div>\n\t\t\t\t<div class=\"elementor-element elementor-element-2660742 elementor-widget-divider--view-line elementor-widget elementor-widget-divider\" data-id=\"2660742\" data-element_type=\"widget\" data-widget_type=\"divider.default\">\n\t\t\t\t<div class=\"elementor-widget-container\">\n\t\t\t\t\t\t\t<div class=\"elementor-divider\">\n\t\t\t<span class=\"elementor-divider-separator\">\n\t\t\t\t\t\t<\/span>\n\t\t<\/div>\n\t\t\t\t\t\t<\/div>\n\t\t\t\t<\/div>\n\t\t\t\t<div class=\"elementor-element elementor-element-c280712 elementor-widget elementor-widget-text-editor\" data-id=\"c280712\" data-element_type=\"widget\" data-widget_type=\"text-editor.default\">\n\t\t\t\t<div class=\"elementor-widget-container\">\n\t\t\t\t\t\t\t\t\t<p><!-- wp:heading --><\/p>\n<h4 class=\"wp-block-heading\"><a href=\"https:\/\/arkos.sk\/index.php\/l-e-a-obchod-sql\/\">L.E.A. Obchod SQL<\/a><\/h4>\n<h6>Obchodn\u00fd syst\u00e9m novej gener\u00e1cie s datab\u00e1zou SQL<\/h6>\n<p><!-- \/wp:heading --><\/p>\n<p><!-- wp:paragraph --><\/p>\n<p><!-- \/wp:paragraph --><\/p>\n<p>&nbsp;<\/p>\t\t\t\t\t\t\t\t<\/div>\n\t\t\t\t<\/div>\n\t\t\t\t<div class=\"elementor-element elementor-element-4eb1d9d elementor-widget-divider--view-line elementor-widget elementor-widget-divider\" data-id=\"4eb1d9d\" data-element_type=\"widget\" data-widget_type=\"divider.default\">\n\t\t\t\t<div class=\"elementor-widget-container\">\n\t\t\t\t\t\t\t<div class=\"elementor-divider\">\n\t\t\t<span class=\"elementor-divider-separator\">\n\t\t\t\t\t\t<\/span>\n\t\t<\/div>\n\t\t\t\t\t\t<\/div>\n\t\t\t\t<\/div>\n\t\t\t\t<div class=\"elementor-element elementor-element-d87f806 elementor-widget elementor-widget-text-editor\" data-id=\"d87f806\" data-element_type=\"widget\" data-widget_type=\"text-editor.default\">\n\t\t\t\t<div class=\"elementor-widget-container\">\n\t\t\t\t\t\t\t\t\t<h4><a href=\"https:\/\/arkos.sk\/index.php\/l-e-a-sklady\/\">L.E.A. Sklady pre MZ SR<\/a><\/h4>\n<h6>Skladov\u00e9 hospod\u00e1rstvo pre organiz\u00e1cie MZ SR, NO, V\u00daC<\/h6>\t\t\t\t\t\t\t\t<\/div>\n\t\t\t\t<\/div>\n\t\t\t\t<div class=\"elementor-element elementor-element-037ccbc elementor-widget-divider--view-line elementor-widget elementor-widget-divider\" data-id=\"037ccbc\" data-element_type=\"widget\" data-widget_type=\"divider.default\">\n\t\t\t\t<div class=\"elementor-widget-container\">\n\t\t\t\t\t\t\t<div class=\"elementor-divider\">\n\t\t\t<span class=\"elementor-divider-separator\">\n\t\t\t\t\t\t<\/span>\n\t\t<\/div>\n\t\t\t\t\t\t<\/div>\n\t\t\t\t<\/div>\n\t\t\t\t<div class=\"elementor-element elementor-element-5391a44 elementor-widget elementor-widget-text-editor\" data-id=\"5391a44\" data-element_type=\"widget\" data-widget_type=\"text-editor.default\">\n\t\t\t\t<div class=\"elementor-widget-container\">\n\t\t\t\t\t\t\t\t\t<h4><a href=\"https:\/\/arkos.sk\/index.php\/vykaz-e-01-04-03-12\/\">V\u00fdkaz E 01-04 \/ E 03-12\u00a0<\/a><\/h4>\n<h6>V\u00fdkaz ekonomick\u00fdch ukazovate\u013eov &#8211; modul k akru\u00e1lnemu \u00fa\u010dtovn\u00edctvu<\/h6>\t\t\t\t\t\t\t\t<\/div>\n\t\t\t\t<\/div>\n\t\t\t\t\t<\/div>\n\t\t\t\t<\/div>\n\t\t\t\t<\/div>\n\t\t","protected":false},"excerpt":{"rendered":"<p>L.E.A. Uafalan &#8211; Akru\u00e1lne \u00da\u010dtovn\u00edctvo Podvojn\u00e9 \u00fa\u010dtovn\u00edctvo pre organiz\u00e1cie MZ SR, NO a V\u00daC L.E.A. Uafalan 9-miestna analytika Podvojn\u00e9 \u00fa\u010dtovn\u00edctvo s pevne [&hellip;]<\/p>\n","protected":false},"author":1,"featured_media":0,"parent":0,"menu_order":0,"comment_status":"closed","ping_status":"closed","template":"page-templates\/page_front-page.php","meta":{"_monsterinsights_skip_tracking":false,"_monsterinsights_sitenote_active":false,"_monsterinsights_sitenote_note":"","_monsterinsights_sitenote_category":0,"footnotes":""},"class_list":["post-970","page","type-page","status-publish","hentry"],"yoast_head":"<!-- This site is optimized with the Yoast SEO plugin v25.6 - https:\/\/yoast.com\/wordpress\/plugins\/seo\/ -->\n<title>Downloads - Arkos<\/title>\n<meta name=\"robots\" content=\"index, follow, max-snippet:-1, max-image-preview:large, max-video-preview:-1\" \/>\n<link rel=\"canonical\" href=\"https:\/\/arkos.sk\/index.php\/downloads\/\" \/>\n<meta property=\"og:locale\" content=\"sk_SK\" \/>\n<meta property=\"og:type\" content=\"article\" \/>\n<meta property=\"og:title\" content=\"Downloads - Arkos\" \/>\n<meta property=\"og:description\" content=\"L.E.A. Uafalan &#8211; Akru\u00e1lne \u00da\u010dtovn\u00edctvo Podvojn\u00e9 \u00fa\u010dtovn\u00edctvo pre organiz\u00e1cie MZ SR, NO a V\u00daC L.E.A. Uafalan 9-miestna analytika Podvojn\u00e9 \u00fa\u010dtovn\u00edctvo s pevne [&hellip;]\" \/>\n<meta property=\"og:url\" content=\"https:\/\/arkos.sk\/index.php\/downloads\/\" \/>\n<meta property=\"og:site_name\" content=\"Arkos\" \/>\n<meta property=\"article:modified_time\" content=\"2024-10-28T12:55:34+00:00\" \/>\n<meta name=\"twitter:card\" content=\"summary_large_image\" \/>\n<meta name=\"twitter:label1\" content=\"Predpokladan\u00fd \u010das \u010d\u00edtania\" \/>\n\t<meta name=\"twitter:data1\" content=\"1 min\u00fata\" \/>\n<script type=\"application\/ld+json\" class=\"yoast-schema-graph\">{\"@context\":\"https:\/\/schema.org\",\"@graph\":[{\"@type\":\"WebPage\",\"@id\":\"https:\/\/arkos.sk\/index.php\/downloads\/\",\"url\":\"https:\/\/arkos.sk\/index.php\/downloads\/\",\"name\":\"Downloads - Arkos\",\"isPartOf\":{\"@id\":\"https:\/\/arkos.sk\/#website\"},\"datePublished\":\"2024-09-22T07:59:55+00:00\",\"dateModified\":\"2024-10-28T12:55:34+00:00\",\"breadcrumb\":{\"@id\":\"https:\/\/arkos.sk\/index.php\/downloads\/#breadcrumb\"},\"inLanguage\":\"sk-SK\",\"potentialAction\":[{\"@type\":\"ReadAction\",\"target\":[\"https:\/\/arkos.sk\/index.php\/downloads\/\"]}]},{\"@type\":\"BreadcrumbList\",\"@id\":\"https:\/\/arkos.sk\/index.php\/downloads\/#breadcrumb\",\"itemListElement\":[{\"@type\":\"ListItem\",\"position\":1,\"name\":\"Home\",\"item\":\"https:\/\/arkos.sk\/\"},{\"@type\":\"ListItem\",\"position\":2,\"name\":\"Downloads\"}]},{\"@type\":\"WebSite\",\"@id\":\"https:\/\/arkos.sk\/#website\",\"url\":\"https:\/\/arkos.sk\/\",\"name\":\"Arkos\",\"description\":\"\",\"potentialAction\":[{\"@type\":\"SearchAction\",\"target\":{\"@type\":\"EntryPoint\",\"urlTemplate\":\"https:\/\/arkos.sk\/?s={search_term_string}\"},\"query-input\":{\"@type\":\"PropertyValueSpecification\",\"valueRequired\":true,\"valueName\":\"search_term_string\"}}],\"inLanguage\":\"sk-SK\"}]}<\/script>\n<!-- \/ Yoast SEO plugin. -->","yoast_head_json":{"title":"Downloads - Arkos","robots":{"index":"index","follow":"follow","max-snippet":"max-snippet:-1","max-image-preview":"max-image-preview:large","max-video-preview":"max-video-preview:-1"},"canonical":"https:\/\/arkos.sk\/index.php\/downloads\/","og_locale":"sk_SK","og_type":"article","og_title":"Downloads - Arkos","og_description":"L.E.A. Uafalan &#8211; Akru\u00e1lne \u00da\u010dtovn\u00edctvo Podvojn\u00e9 \u00fa\u010dtovn\u00edctvo pre organiz\u00e1cie MZ SR, NO a V\u00daC L.E.A. Uafalan 9-miestna analytika Podvojn\u00e9 \u00fa\u010dtovn\u00edctvo s pevne [&hellip;]","og_url":"https:\/\/arkos.sk\/index.php\/downloads\/","og_site_name":"Arkos","article_modified_time":"2024-10-28T12:55:34+00:00","twitter_card":"summary_large_image","twitter_misc":{"Predpokladan\u00fd \u010das \u010d\u00edtania":"1 min\u00fata"},"schema":{"@context":"https:\/\/schema.org","@graph":[{"@type":"WebPage","@id":"https:\/\/arkos.sk\/index.php\/downloads\/","url":"https:\/\/arkos.sk\/index.php\/downloads\/","name":"Downloads - Arkos","isPartOf":{"@id":"https:\/\/arkos.sk\/#website"},"datePublished":"2024-09-22T07:59:55+00:00","dateModified":"2024-10-28T12:55:34+00:00","breadcrumb":{"@id":"https:\/\/arkos.sk\/index.php\/downloads\/#breadcrumb"},"inLanguage":"sk-SK","potentialAction":[{"@type":"ReadAction","target":["https:\/\/arkos.sk\/index.php\/downloads\/"]}]},{"@type":"BreadcrumbList","@id":"https:\/\/arkos.sk\/index.php\/downloads\/#breadcrumb","itemListElement":[{"@type":"ListItem","position":1,"name":"Home","item":"https:\/\/arkos.sk\/"},{"@type":"ListItem","position":2,"name":"Downloads"}]},{"@type":"WebSite","@id":"https:\/\/arkos.sk\/#website","url":"https:\/\/arkos.sk\/","name":"Arkos","description":"","potentialAction":[{"@type":"SearchAction","target":{"@type":"EntryPoint","urlTemplate":"https:\/\/arkos.sk\/?s={search_term_string}"},"query-input":{"@type":"PropertyValueSpecification","valueRequired":true,"valueName":"search_term_string"}}],"inLanguage":"sk-SK"}]}},"_links":{"self":[{"href":"https:\/\/arkos.sk\/index.php\/wp-json\/wp\/v2\/pages\/970"}],"collection":[{"href":"https:\/\/arkos.sk\/index.php\/wp-json\/wp\/v2\/pages"}],"about":[{"href":"https:\/\/arkos.sk\/index.php\/wp-json\/wp\/v2\/types\/page"}],"author":[{"embeddable":true,"href":"https:\/\/arkos.sk\/index.php\/wp-json\/wp\/v2\/users\/1"}],"replies":[{"embeddable":true,"href":"https:\/\/arkos.sk\/index.php\/wp-json\/wp\/v2\/comments?post=970"}],"version-history":[{"count":6,"href":"https:\/\/arkos.sk\/index.php\/wp-json\/wp\/v2\/pages\/970\/revisions"}],"predecessor-version":[{"id":1803,"href":"https:\/\/arkos.sk\/index.php\/wp-json\/wp\/v2\/pages\/970\/revisions\/1803"}],"wp:attachment":[{"href":"https:\/\/arkos.sk\/index.php\/wp-json\/wp\/v2\/media?parent=970"}],"curies":[{"name":"wp","href":"https:\/\/api.w.org\/{rel}","templated":true}]}}