{"id":494,"date":"2021-11-01T14:28:52","date_gmt":"2021-11-01T14:28:52","guid":{"rendered":"https:\/\/demo.athemes.com\/sydney-main\/?page_id=494"},"modified":"2024-10-10T22:08:22","modified_gmt":"2024-10-10T20:08:22","slug":"hardware","status":"publish","type":"page","link":"https:\/\/arkos.sk\/index.php\/hardware\/","title":{"rendered":"Hardware"},"content":{"rendered":"\t\t<div data-elementor-type=\"wp-page\" data-elementor-id=\"494\" class=\"elementor elementor-494\">\n\t\t\t\t\t\t<section class=\"elementor-section elementor-top-section elementor-element elementor-element-2b5663b elementor-section-content-middle elementor-section-boxed elementor-section-height-default elementor-section-height-default\" data-id=\"2b5663b\" data-element_type=\"section\" data-settings=\"{&quot;background_background&quot;:&quot;slideshow&quot;,&quot;background_slideshow_gallery&quot;:[{&quot;id&quot;:1139,&quot;url&quot;:&quot;https:\\\/\\\/arkos.sk\\\/wp-content\\\/uploads\\\/2024\\\/10\\\/pexels-artunchained-325229-scaled.jpg&quot;}],&quot;background_slideshow_loop&quot;:&quot;yes&quot;,&quot;background_slideshow_slide_duration&quot;:5000,&quot;background_slideshow_slide_transition&quot;:&quot;fade&quot;,&quot;background_slideshow_transition_duration&quot;:500}\">\n\t\t\t\t\t\t<div class=\"elementor-container elementor-column-gap-default\">\n\t\t\t\t\t<div class=\"elementor-column elementor-col-50 elementor-top-column elementor-element elementor-element-4268857\" data-id=\"4268857\" data-element_type=\"column\">\n\t\t\t<div class=\"elementor-widget-wrap elementor-element-populated\">\n\t\t\t\t\t\t<div class=\"elementor-element elementor-element-344bd04 elementor-widget elementor-widget-heading\" data-id=\"344bd04\" data-element_type=\"widget\" data-widget_type=\"heading.default\">\n\t\t\t\t<div class=\"elementor-widget-container\">\n\t\t\t\t\t<h1 class=\"elementor-heading-title elementor-size-default\"><b>Hardware<\/b><\/h1>\t\t\t\t<\/div>\n\t\t\t\t<\/div>\n\t\t\t\t\t<\/div>\n\t\t<\/div>\n\t\t\t\t<div class=\"elementor-column elementor-col-50 elementor-top-column elementor-element elementor-element-872155d\" data-id=\"872155d\" data-element_type=\"column\">\n\t\t\t<div class=\"elementor-widget-wrap elementor-element-populated\">\n\t\t\t\t\t\t<div class=\"elementor-element elementor-element-3b34bfc elementor-widget elementor-widget-text-editor\" data-id=\"3b34bfc\" data-element_type=\"widget\" data-widget_type=\"text-editor.default\">\n\t\t\t\t<div class=\"elementor-widget-container\">\n\t\t\t\t\t\t\t\t\t<p>Sme HP Partner a u\u017e nieko\u013eko rokov dod\u00e1vame \u0161pi\u010dkov\u00fd po\u010d\u00edta\u010dov\u00fd hardware od spolo\u010dnosti Hewlett Packard<\/p>\t\t\t\t\t\t\t\t<\/div>\n\t\t\t\t<\/div>\n\t\t\t\t\t<\/div>\n\t\t<\/div>\n\t\t\t\t\t<\/div>\n\t\t<\/section>\n\t\t\t\t<section class=\"elementor-section elementor-top-section elementor-element elementor-element-0ffc475 elementor-section-boxed elementor-section-height-default elementor-section-height-default\" data-id=\"0ffc475\" data-element_type=\"section\">\n\t\t\t\t\t\t<div class=\"elementor-container elementor-column-gap-default\">\n\t\t\t\t\t<div class=\"elementor-column elementor-col-50 elementor-top-column elementor-element elementor-element-1d5c50c\" data-id=\"1d5c50c\" data-element_type=\"column\">\n\t\t\t<div class=\"elementor-widget-wrap elementor-element-populated\">\n\t\t\t\t\t\t<div class=\"elementor-element elementor-element-72444cc elementor-widget__width-initial elementor-widget elementor-widget-image\" data-id=\"72444cc\" data-element_type=\"widget\" data-widget_type=\"image.default\">\n\t\t\t\t<div class=\"elementor-widget-container\">\n\t\t\t\t\t\t\t\t\t\t\t\t\t\t\t\t<a href=\"https:\/\/arkos.sk\/wp-content\/uploads\/2024\/10\/HPServer.png\" data-elementor-open-lightbox=\"yes\" data-elementor-lightbox-title=\"HPServer\" data-e-action-hash=\"#elementor-action%3Aaction%3Dlightbox%26settings%3DeyJpZCI6MTA5NywidXJsIjoiaHR0cHM6XC9cL2Fya29zLnNrXC93cC1jb250ZW50XC91cGxvYWRzXC8yMDI0XC8xMFwvSFBTZXJ2ZXIucG5nIn0%3D\">\n\t\t\t\t\t\t\t<img fetchpriority=\"high\" decoding=\"async\" width=\"573\" height=\"430\" src=\"https:\/\/arkos.sk\/wp-content\/uploads\/2024\/10\/HPServer.png\" class=\"attachment-large size-large wp-image-1097\" alt=\"\" srcset=\"https:\/\/arkos.sk\/wp-content\/uploads\/2024\/10\/HPServer.png 573w, https:\/\/arkos.sk\/wp-content\/uploads\/2024\/10\/HPServer-300x225.png 300w, https:\/\/arkos.sk\/wp-content\/uploads\/2024\/10\/HPServer-230x173.png 230w, https:\/\/arkos.sk\/wp-content\/uploads\/2024\/10\/HPServer-350x263.png 350w, https:\/\/arkos.sk\/wp-content\/uploads\/2024\/10\/HPServer-480x360.png 480w\" sizes=\"(max-width: 573px) 100vw, 573px\" \/>\t\t\t\t\t\t\t\t<\/a>\n\t\t\t\t\t\t\t\t\t\t\t\t\t\t\t<\/div>\n\t\t\t\t<\/div>\n\t\t\t\t<div class=\"elementor-element elementor-element-1b48c17 elementor-widget__width-initial elementor-widget elementor-widget-heading\" data-id=\"1b48c17\" data-element_type=\"widget\" data-widget_type=\"heading.default\">\n\t\t\t\t<div class=\"elementor-widget-container\">\n\t\t\t\t\t<h6 class=\"elementor-heading-title elementor-size-default\">Servery<\/h6>\t\t\t\t<\/div>\n\t\t\t\t<\/div>\n\t\t\t\t<div class=\"elementor-element elementor-element-4056ae6 elementor-widget__width-initial elementor-widget elementor-widget-heading\" data-id=\"4056ae6\" data-element_type=\"widget\" data-widget_type=\"heading.default\">\n\t\t\t\t<div class=\"elementor-widget-container\">\n\t\t\t\t\t<h3 class=\"elementor-heading-title elementor-size-default\"><span style=\"font-size: 14px;letter-spacing: 1px\">Dod\u00e1vame servery v preveden\u00ed rack alebo tower. Konfigur\u00e1cia servera na z\u00e1klade po\u017eiadaviek odberate\u013ea. Vieme poradi\u0165 s konfigur\u00e1ciou servera pod\u013ea po\u017eiadavky na vyu\u017e\u00edvanie File server, SQL serveR, web server. Ak potrebujete virtualizova\u0165, m\u00f4\u017eete sa tie\u017e na n\u00e1s obr\u00e1ti\u0165. Samozrejmos\u0165ou je ponuka in\u0161tal\u00e1cie a konfigur\u00e1cie opera\u010dn\u00e9ho syst\u00e9mu.<\/span><\/h3>\t\t\t\t<\/div>\n\t\t\t\t<\/div>\n\t\t\t\t<div class=\"elementor-element elementor-element-ad96af8 elementor-widget__width-initial elementor-widget elementor-widget-image\" data-id=\"ad96af8\" data-element_type=\"widget\" data-widget_type=\"image.default\">\n\t\t\t\t<div class=\"elementor-widget-container\">\n\t\t\t\t\t\t\t\t\t\t\t\t\t\t\t\t<a href=\"https:\/\/arkos.sk\/wp-content\/uploads\/2024\/10\/Notebooks.jpg\" data-elementor-open-lightbox=\"yes\" data-elementor-lightbox-title=\"Notebooks\" data-e-action-hash=\"#elementor-action%3Aaction%3Dlightbox%26settings%3DeyJpZCI6MTA5OCwidXJsIjoiaHR0cHM6XC9cL2Fya29zLnNrXC93cC1jb250ZW50XC91cGxvYWRzXC8yMDI0XC8xMFwvTm90ZWJvb2tzLmpwZyJ9\">\n\t\t\t\t\t\t\t<img decoding=\"async\" width=\"289\" height=\"175\" src=\"https:\/\/arkos.sk\/wp-content\/uploads\/2024\/10\/Notebooks.jpg\" class=\"attachment-large size-large wp-image-1098\" alt=\"\" srcset=\"https:\/\/arkos.sk\/wp-content\/uploads\/2024\/10\/Notebooks.jpg 289w, https:\/\/arkos.sk\/wp-content\/uploads\/2024\/10\/Notebooks-230x139.jpg 230w\" sizes=\"(max-width: 289px) 100vw, 289px\" \/>\t\t\t\t\t\t\t\t<\/a>\n\t\t\t\t\t\t\t\t\t\t\t\t\t\t\t<\/div>\n\t\t\t\t<\/div>\n\t\t\t\t<div class=\"elementor-element elementor-element-6eb4e48 elementor-widget elementor-widget-heading\" data-id=\"6eb4e48\" data-element_type=\"widget\" data-widget_type=\"heading.default\">\n\t\t\t\t<div class=\"elementor-widget-container\">\n\t\t\t\t\t<h6 class=\"elementor-heading-title elementor-size-default\">Notebook-y<\/h6>\t\t\t\t<\/div>\n\t\t\t\t<\/div>\n\t\t\t\t<div class=\"elementor-element elementor-element-872ca93 elementor-widget__width-initial elementor-widget elementor-widget-heading\" data-id=\"872ca93\" data-element_type=\"widget\" data-widget_type=\"heading.default\">\n\t\t\t\t<div class=\"elementor-widget-container\">\n\t\t\t\t\t<h3 class=\"elementor-heading-title elementor-size-default\"><\/span><span style=\"font-size: 14px\">\u0160irok\u00e1 \u0161k\u00e1la notebook-ov spolo\u010dnosti HP je tie\u017e k dispoz\u00edcii pre na\u0161ich z\u00e1kazn\u00edkov. Od netbook-ov, ultrabook-ov, klasick\u00fdch notebook-ov, pre business, pre hry, alebo pre multimedi\u00e1lne pou\u017eitie.<\/span><\/h3>\t\t\t\t<\/div>\n\t\t\t\t<\/div>\n\t\t\t\t<div class=\"elementor-element elementor-element-4df4a03 elementor-widget__width-initial elementor-widget elementor-widget-image\" data-id=\"4df4a03\" data-element_type=\"widget\" data-widget_type=\"image.default\">\n\t\t\t\t<div class=\"elementor-widget-container\">\n\t\t\t\t\t\t\t\t\t\t\t\t\t\t\t\t<a href=\"https:\/\/arkos.sk\/wp-content\/uploads\/2024\/10\/HPDesktop-scaled.jpg\" data-elementor-open-lightbox=\"yes\" data-elementor-lightbox-title=\"HPDesktop\" data-e-action-hash=\"#elementor-action%3Aaction%3Dlightbox%26settings%3DeyJpZCI6MTEwOSwidXJsIjoiaHR0cHM6XC9cL2Fya29zLnNrXC93cC1jb250ZW50XC91cGxvYWRzXC8yMDI0XC8xMFwvSFBEZXNrdG9wLXNjYWxlZC5qcGcifQ%3D%3D\">\n\t\t\t\t\t\t\t<img decoding=\"async\" width=\"1024\" height=\"624\" src=\"https:\/\/arkos.sk\/wp-content\/uploads\/2024\/10\/HPDesktop-1024x624.jpg\" class=\"attachment-large size-large wp-image-1109\" alt=\"\" srcset=\"https:\/\/arkos.sk\/wp-content\/uploads\/2024\/10\/HPDesktop-1024x624.jpg 1024w, https:\/\/arkos.sk\/wp-content\/uploads\/2024\/10\/HPDesktop-300x183.jpg 300w, https:\/\/arkos.sk\/wp-content\/uploads\/2024\/10\/HPDesktop-768x468.jpg 768w, https:\/\/arkos.sk\/wp-content\/uploads\/2024\/10\/HPDesktop-1536x935.jpg 1536w, https:\/\/arkos.sk\/wp-content\/uploads\/2024\/10\/HPDesktop-2048x1247.jpg 2048w, https:\/\/arkos.sk\/wp-content\/uploads\/2024\/10\/HPDesktop-1000x609.jpg 1000w, https:\/\/arkos.sk\/wp-content\/uploads\/2024\/10\/HPDesktop-230x140.jpg 230w, https:\/\/arkos.sk\/wp-content\/uploads\/2024\/10\/HPDesktop-350x213.jpg 350w, https:\/\/arkos.sk\/wp-content\/uploads\/2024\/10\/HPDesktop-480x292.jpg 480w\" sizes=\"(max-width: 1024px) 100vw, 1024px\" \/>\t\t\t\t\t\t\t\t<\/a>\n\t\t\t\t\t\t\t\t\t\t\t\t\t\t\t<\/div>\n\t\t\t\t<\/div>\n\t\t\t\t<div class=\"elementor-element elementor-element-4f2fd4c elementor-widget elementor-widget-heading\" data-id=\"4f2fd4c\" data-element_type=\"widget\" data-widget_type=\"heading.default\">\n\t\t\t\t<div class=\"elementor-widget-container\">\n\t\t\t\t\t<h6 class=\"elementor-heading-title elementor-size-default\">Po\u010d\u00edta\u010de HP Desktop<\/h6>\t\t\t\t<\/div>\n\t\t\t\t<\/div>\n\t\t\t\t<div class=\"elementor-element elementor-element-4f8f99e elementor-widget elementor-widget-heading\" data-id=\"4f8f99e\" data-element_type=\"widget\" data-widget_type=\"heading.default\">\n\t\t\t\t<div class=\"elementor-widget-container\">\n\t\t\t\t\t<h3 class=\"elementor-heading-title elementor-size-default\"><span style=\"line-height: 1.3em;text-align: justify;font-size: 14px\">Pod\u013ea V\u00e1\u0161ho \u017eelania V\u00e1m porad\u00edme a vyberieme, ak\u00fd&nbsp;po\u010d\u00edta\u010d budete potrebova\u0165 pre svoju pr\u00e1cu. Dlhoro\u010dn\u00e9 sk\u00fasenosti s predajom po\u010d\u00edta\u010dovej techniky a z\u00e1rove\u0148 znalosti v oblasti software n\u00e1m umo\u017e\u0148uj\u00fa vybra\u0165 pre z\u00e1kazn\u00edka po\u010d\u00edta\u010d, ktor\u00fd mu vyhovuje a z\u00e1rove\u0148 je jeho cena prijate\u013en\u00e1. Samozrejmos\u0165ou je pred\u013a\u017een\u00e1 z\u00e1ruka na produkty HP. V pr\u00edpade z\u00e1ujmu je mo\u017en\u00e9 v\u00fdpo\u010dtov\u00fa techniku doda\u0165 formou leasingu v spolupr\u00e1ci s Grenke leasing<\/span><\/h3>\t\t\t\t<\/div>\n\t\t\t\t<\/div>\n\t\t\t\t\t<\/div>\n\t\t<\/div>\n\t\t\t\t<main class=\"elementor-column elementor-col-50 elementor-top-column elementor-element elementor-element-b6722ed\" data-id=\"b6722ed\" data-element_type=\"column\">\n\t\t\t<div class=\"elementor-widget-wrap elementor-element-populated\">\n\t\t\t\t\t\t<div class=\"elementor-element elementor-element-8016461 elementor-widget__width-initial elementor-widget elementor-widget-heading\" data-id=\"8016461\" data-element_type=\"widget\" data-widget_type=\"heading.default\">\n\t\t\t\t<div class=\"elementor-widget-container\">\n\t\t\t\t\t<h6 class=\"elementor-heading-title elementor-size-default\">Po\u010d\u00edta\u010de All-in-One<\/h6>\t\t\t\t<\/div>\n\t\t\t\t<\/div>\n\t\t\t\t<div class=\"elementor-element elementor-element-a5bccd7 elementor-widget__width-initial elementor-widget elementor-widget-image\" data-id=\"a5bccd7\" data-element_type=\"widget\" data-widget_type=\"image.default\">\n\t\t\t\t<div class=\"elementor-widget-container\">\n\t\t\t\t\t\t\t\t\t\t\t\t\t\t\t\t<a href=\"https:\/\/arkos.sk\/wp-content\/uploads\/2024\/10\/images-3.jpeg\" data-elementor-open-lightbox=\"yes\" data-elementor-lightbox-title=\"images-3\" data-e-action-hash=\"#elementor-action%3Aaction%3Dlightbox%26settings%3DeyJpZCI6MTExMywidXJsIjoiaHR0cHM6XC9cL2Fya29zLnNrXC93cC1jb250ZW50XC91cGxvYWRzXC8yMDI0XC8xMFwvaW1hZ2VzLTMuanBlZyJ9\">\n\t\t\t\t\t\t\t<img loading=\"lazy\" decoding=\"async\" width=\"225\" height=\"225\" src=\"https:\/\/arkos.sk\/wp-content\/uploads\/2024\/10\/images-3.jpeg\" class=\"attachment-large size-large wp-image-1113\" alt=\"\" srcset=\"https:\/\/arkos.sk\/wp-content\/uploads\/2024\/10\/images-3.jpeg 225w, https:\/\/arkos.sk\/wp-content\/uploads\/2024\/10\/images-3-150x150.jpeg 150w\" sizes=\"(max-width: 225px) 100vw, 225px\" \/>\t\t\t\t\t\t\t\t<\/a>\n\t\t\t\t\t\t\t\t\t\t\t\t\t\t\t<\/div>\n\t\t\t\t<\/div>\n\t\t\t\t<div class=\"elementor-element elementor-element-df9c5bb elementor-widget__width-initial elementor-widget elementor-widget-heading\" data-id=\"df9c5bb\" data-element_type=\"widget\" data-widget_type=\"heading.default\">\n\t\t\t\t<div class=\"elementor-widget-container\">\n\t\t\t\t\t<h3 class=\"elementor-heading-title elementor-size-default\"><span style=\"font-size: 14px;letter-spacing: 1px\">V ponuke spolo\u010dnosti HP s\u00fa aj po\u010d\u00edta\u010de <b>All-In-One<\/b>, kde je komleptn\u00fd hardware umiestnen\u00fd v jednom celku s monitorom. Tieto varianty po\u010d\u00edta\u010dov s\u00fa vhodn\u00e9 pre r\u00f4zne aplik\u00e1cie, na\u0161a spolo\u010dnos\u0165 ich dod\u00e1va najm\u00e4 ako registra\u010dn\u00e9 pokladnice spolu s fi\u0161k\u00e1lnymi tla\u010diar\u0148ami s modulom&nbsp;e-kasa od spolo\u010dnosti BOWA. Vyu\u017eite&nbsp;dotykovej obrazovky takejto registra\u010dnej pokladnice je hlavne v stravovac\u00edch prev\u00e1dzkach<\/span><\/h3>\t\t\t\t<\/div>\n\t\t\t\t<\/div>\n\t\t\t\t<div class=\"elementor-element elementor-element-3a18bb8 elementor-widget__width-initial elementor-widget elementor-widget-image\" data-id=\"3a18bb8\" data-element_type=\"widget\" data-widget_type=\"image.default\">\n\t\t\t\t<div class=\"elementor-widget-container\">\n\t\t\t\t\t\t\t\t\t\t\t\t\t\t\t\t<a href=\"https:\/\/arkos.sk\/wp-content\/uploads\/2024\/10\/Printer.jpg\" data-elementor-open-lightbox=\"yes\" data-elementor-lightbox-title=\"Printer\" data-e-action-hash=\"#elementor-action%3Aaction%3Dlightbox%26settings%3DeyJpZCI6MTExNSwidXJsIjoiaHR0cHM6XC9cL2Fya29zLnNrXC93cC1jb250ZW50XC91cGxvYWRzXC8yMDI0XC8xMFwvUHJpbnRlci5qcGcifQ%3D%3D\">\n\t\t\t\t\t\t\t<img loading=\"lazy\" decoding=\"async\" width=\"259\" height=\"195\" src=\"https:\/\/arkos.sk\/wp-content\/uploads\/2024\/10\/Printer.jpg\" class=\"attachment-large size-large wp-image-1115\" alt=\"\" srcset=\"https:\/\/arkos.sk\/wp-content\/uploads\/2024\/10\/Printer.jpg 259w, https:\/\/arkos.sk\/wp-content\/uploads\/2024\/10\/Printer-230x173.jpg 230w\" sizes=\"(max-width: 259px) 100vw, 259px\" \/>\t\t\t\t\t\t\t\t<\/a>\n\t\t\t\t\t\t\t\t\t\t\t\t\t\t\t<\/div>\n\t\t\t\t<\/div>\n\t\t\t\t<div class=\"elementor-element elementor-element-bc06bc3 elementor-widget__width-initial elementor-widget elementor-widget-heading\" data-id=\"bc06bc3\" data-element_type=\"widget\" data-widget_type=\"heading.default\">\n\t\t\t\t<div class=\"elementor-widget-container\">\n\t\t\t\t\t<h6 class=\"elementor-heading-title elementor-size-default\">Tla\u010diarne<\/h6>\t\t\t\t<\/div>\n\t\t\t\t<\/div>\n\t\t\t\t<div class=\"elementor-element elementor-element-962ec1c elementor-widget__width-initial elementor-widget elementor-widget-heading\" data-id=\"962ec1c\" data-element_type=\"widget\" data-widget_type=\"heading.default\">\n\t\t\t\t<div class=\"elementor-widget-container\">\n\t\t\t\t\t<h3 class=\"elementor-heading-title elementor-size-default\"><span style=\"font-size: 14px;letter-spacing: 1px\">V ponuke je \u0161irok\u00fd sortiment tla\u010diarn\u00ed laserov\u00fdch, atramentov\u00fdch a multifunk\u010dn\u00fdch zariaden\u00ed. K v\u0161etk\u00fdm typom dod\u00e1vame samozrejme origin\u00e1lny spotrebn\u00fd materi\u00e1l. Tonery, atramentov\u00e9 n\u00e1plne, n\u00e1hradn\u00e9 v\u00e1lce. Jednotliv\u00e9 modely tla\u010diarn\u00ed od spolo\u010dnosti HP (farebn\u00e9, \u010diernobiele, laser, atrament ...) pozn\u00e1me a op\u00e4\u0165 vieme poradi\u0165, ak\u00e1 tla\u010diare\u0148 bude vhodn\u00e1 pre Va\u0161u firmu, pr\u00edpadne pre s\u00fakromn\u00e9 pou\u017e\u00edvanie.<\/span><\/h3>\t\t\t\t<\/div>\n\t\t\t\t<\/div>\n\t\t\t\t<div class=\"elementor-element elementor-element-09f24bc elementor-widget__width-initial elementor-widget elementor-widget-image\" data-id=\"09f24bc\" data-element_type=\"widget\" data-widget_type=\"image.default\">\n\t\t\t\t<div class=\"elementor-widget-container\">\n\t\t\t\t\t\t\t\t\t\t\t\t\t\t\t<img loading=\"lazy\" decoding=\"async\" width=\"400\" height=\"400\" src=\"https:\/\/arkos.sk\/wp-content\/uploads\/2024\/10\/Toners.jpg\" class=\"attachment-large size-large wp-image-1116\" alt=\"\" srcset=\"https:\/\/arkos.sk\/wp-content\/uploads\/2024\/10\/Toners.jpg 400w, https:\/\/arkos.sk\/wp-content\/uploads\/2024\/10\/Toners-300x300.jpg 300w, https:\/\/arkos.sk\/wp-content\/uploads\/2024\/10\/Toners-150x150.jpg 150w, https:\/\/arkos.sk\/wp-content\/uploads\/2024\/10\/Toners-230x230.jpg 230w, https:\/\/arkos.sk\/wp-content\/uploads\/2024\/10\/Toners-350x350.jpg 350w\" sizes=\"(max-width: 400px) 100vw, 400px\" \/>\t\t\t\t\t\t\t\t\t\t\t\t\t\t\t<\/div>\n\t\t\t\t<\/div>\n\t\t\t\t\t<\/div>\n\t\t<\/main>\n\t\t\t\t\t<\/div>\n\t\t<\/section>\n\t\t\t\t<\/div>\n\t\t","protected":false},"excerpt":{"rendered":"<p>Hardware Sme HP Partner a u\u017e nieko\u013eko rokov dod\u00e1vame \u0161pi\u010dkov\u00fd po\u010d\u00edta\u010dov\u00fd hardware od spolo\u010dnosti Hewlett Packard Servery Dod\u00e1vame servery v preveden\u00ed rack [&hellip;]<\/p>\n","protected":false},"author":1,"featured_media":0,"parent":0,"menu_order":0,"comment_status":"closed","ping_status":"closed","template":"page-templates\/page_front-page.php","meta":{"_monsterinsights_skip_tracking":false,"_monsterinsights_sitenote_active":false,"_monsterinsights_sitenote_note":"","_monsterinsights_sitenote_category":0,"footnotes":""},"class_list":["post-494","page","type-page","status-publish","hentry"],"yoast_head":"<!-- This site is optimized with the Yoast SEO plugin v25.6 - https:\/\/yoast.com\/wordpress\/plugins\/seo\/ -->\n<title>Hardware - Arkos<\/title>\n<meta name=\"robots\" content=\"index, follow, max-snippet:-1, max-image-preview:large, max-video-preview:-1\" \/>\n<link rel=\"canonical\" href=\"https:\/\/arkos.sk\/index.php\/hardware\/\" \/>\n<meta property=\"og:locale\" content=\"sk_SK\" \/>\n<meta property=\"og:type\" content=\"article\" \/>\n<meta property=\"og:title\" content=\"Hardware - Arkos\" \/>\n<meta property=\"og:description\" content=\"Hardware Sme HP Partner a u\u017e nieko\u013eko rokov dod\u00e1vame \u0161pi\u010dkov\u00fd po\u010d\u00edta\u010dov\u00fd hardware od spolo\u010dnosti Hewlett Packard Servery Dod\u00e1vame servery v preveden\u00ed rack [&hellip;]\" \/>\n<meta property=\"og:url\" content=\"https:\/\/arkos.sk\/index.php\/hardware\/\" \/>\n<meta property=\"og:site_name\" content=\"Arkos\" \/>\n<meta property=\"article:modified_time\" content=\"2024-10-10T20:08:22+00:00\" \/>\n<meta property=\"og:image\" content=\"https:\/\/arkos.sk\/wp-content\/uploads\/2024\/10\/HPServer.png\" \/>\n<meta name=\"twitter:card\" content=\"summary_large_image\" \/>\n<meta name=\"twitter:label1\" content=\"Predpokladan\u00fd \u010das \u010d\u00edtania\" \/>\n\t<meta name=\"twitter:data1\" content=\"3 min\u00faty\" \/>\n<script type=\"application\/ld+json\" class=\"yoast-schema-graph\">{\"@context\":\"https:\/\/schema.org\",\"@graph\":[{\"@type\":\"WebPage\",\"@id\":\"https:\/\/arkos.sk\/index.php\/hardware\/\",\"url\":\"https:\/\/arkos.sk\/index.php\/hardware\/\",\"name\":\"Hardware - Arkos\",\"isPartOf\":{\"@id\":\"https:\/\/arkos.sk\/#website\"},\"primaryImageOfPage\":{\"@id\":\"https:\/\/arkos.sk\/index.php\/hardware\/#primaryimage\"},\"image\":{\"@id\":\"https:\/\/arkos.sk\/index.php\/hardware\/#primaryimage\"},\"thumbnailUrl\":\"https:\/\/arkos.sk\/wp-content\/uploads\/2024\/10\/HPServer.png\",\"datePublished\":\"2021-11-01T14:28:52+00:00\",\"dateModified\":\"2024-10-10T20:08:22+00:00\",\"breadcrumb\":{\"@id\":\"https:\/\/arkos.sk\/index.php\/hardware\/#breadcrumb\"},\"inLanguage\":\"sk-SK\",\"potentialAction\":[{\"@type\":\"ReadAction\",\"target\":[\"https:\/\/arkos.sk\/index.php\/hardware\/\"]}]},{\"@type\":\"ImageObject\",\"inLanguage\":\"sk-SK\",\"@id\":\"https:\/\/arkos.sk\/index.php\/hardware\/#primaryimage\",\"url\":\"https:\/\/arkos.sk\/wp-content\/uploads\/2024\/10\/HPServer.png\",\"contentUrl\":\"https:\/\/arkos.sk\/wp-content\/uploads\/2024\/10\/HPServer.png\"},{\"@type\":\"BreadcrumbList\",\"@id\":\"https:\/\/arkos.sk\/index.php\/hardware\/#breadcrumb\",\"itemListElement\":[{\"@type\":\"ListItem\",\"position\":1,\"name\":\"Home\",\"item\":\"https:\/\/arkos.sk\/\"},{\"@type\":\"ListItem\",\"position\":2,\"name\":\"Hardware\"}]},{\"@type\":\"WebSite\",\"@id\":\"https:\/\/arkos.sk\/#website\",\"url\":\"https:\/\/arkos.sk\/\",\"name\":\"Arkos\",\"description\":\"\",\"potentialAction\":[{\"@type\":\"SearchAction\",\"target\":{\"@type\":\"EntryPoint\",\"urlTemplate\":\"https:\/\/arkos.sk\/?s={search_term_string}\"},\"query-input\":{\"@type\":\"PropertyValueSpecification\",\"valueRequired\":true,\"valueName\":\"search_term_string\"}}],\"inLanguage\":\"sk-SK\"}]}<\/script>\n<!-- \/ Yoast SEO plugin. -->","yoast_head_json":{"title":"Hardware - Arkos","robots":{"index":"index","follow":"follow","max-snippet":"max-snippet:-1","max-image-preview":"max-image-preview:large","max-video-preview":"max-video-preview:-1"},"canonical":"https:\/\/arkos.sk\/index.php\/hardware\/","og_locale":"sk_SK","og_type":"article","og_title":"Hardware - Arkos","og_description":"Hardware Sme HP Partner a u\u017e nieko\u013eko rokov dod\u00e1vame \u0161pi\u010dkov\u00fd po\u010d\u00edta\u010dov\u00fd hardware od spolo\u010dnosti Hewlett Packard Servery Dod\u00e1vame servery v preveden\u00ed rack [&hellip;]","og_url":"https:\/\/arkos.sk\/index.php\/hardware\/","og_site_name":"Arkos","article_modified_time":"2024-10-10T20:08:22+00:00","og_image":[{"url":"https:\/\/arkos.sk\/wp-content\/uploads\/2024\/10\/HPServer.png","type":"","width":"","height":""}],"twitter_card":"summary_large_image","twitter_misc":{"Predpokladan\u00fd \u010das \u010d\u00edtania":"3 min\u00faty"},"schema":{"@context":"https:\/\/schema.org","@graph":[{"@type":"WebPage","@id":"https:\/\/arkos.sk\/index.php\/hardware\/","url":"https:\/\/arkos.sk\/index.php\/hardware\/","name":"Hardware - Arkos","isPartOf":{"@id":"https:\/\/arkos.sk\/#website"},"primaryImageOfPage":{"@id":"https:\/\/arkos.sk\/index.php\/hardware\/#primaryimage"},"image":{"@id":"https:\/\/arkos.sk\/index.php\/hardware\/#primaryimage"},"thumbnailUrl":"https:\/\/arkos.sk\/wp-content\/uploads\/2024\/10\/HPServer.png","datePublished":"2021-11-01T14:28:52+00:00","dateModified":"2024-10-10T20:08:22+00:00","breadcrumb":{"@id":"https:\/\/arkos.sk\/index.php\/hardware\/#breadcrumb"},"inLanguage":"sk-SK","potentialAction":[{"@type":"ReadAction","target":["https:\/\/arkos.sk\/index.php\/hardware\/"]}]},{"@type":"ImageObject","inLanguage":"sk-SK","@id":"https:\/\/arkos.sk\/index.php\/hardware\/#primaryimage","url":"https:\/\/arkos.sk\/wp-content\/uploads\/2024\/10\/HPServer.png","contentUrl":"https:\/\/arkos.sk\/wp-content\/uploads\/2024\/10\/HPServer.png"},{"@type":"BreadcrumbList","@id":"https:\/\/arkos.sk\/index.php\/hardware\/#breadcrumb","itemListElement":[{"@type":"ListItem","position":1,"name":"Home","item":"https:\/\/arkos.sk\/"},{"@type":"ListItem","position":2,"name":"Hardware"}]},{"@type":"WebSite","@id":"https:\/\/arkos.sk\/#website","url":"https:\/\/arkos.sk\/","name":"Arkos","description":"","potentialAction":[{"@type":"SearchAction","target":{"@type":"EntryPoint","urlTemplate":"https:\/\/arkos.sk\/?s={search_term_string}"},"query-input":{"@type":"PropertyValueSpecification","valueRequired":true,"valueName":"search_term_string"}}],"inLanguage":"sk-SK"}]}},"_links":{"self":[{"href":"https:\/\/arkos.sk\/index.php\/wp-json\/wp\/v2\/pages\/494"}],"collection":[{"href":"https:\/\/arkos.sk\/index.php\/wp-json\/wp\/v2\/pages"}],"about":[{"href":"https:\/\/arkos.sk\/index.php\/wp-json\/wp\/v2\/types\/page"}],"author":[{"embeddable":true,"href":"https:\/\/arkos.sk\/index.php\/wp-json\/wp\/v2\/users\/1"}],"replies":[{"embeddable":true,"href":"https:\/\/arkos.sk\/index.php\/wp-json\/wp\/v2\/comments?post=494"}],"version-history":[{"count":7,"href":"https:\/\/arkos.sk\/index.php\/wp-json\/wp\/v2\/pages\/494\/revisions"}],"predecessor-version":[{"id":1767,"href":"https:\/\/arkos.sk\/index.php\/wp-json\/wp\/v2\/pages\/494\/revisions\/1767"}],"wp:attachment":[{"href":"https:\/\/arkos.sk\/index.php\/wp-json\/wp\/v2\/media?parent=494"}],"curies":[{"name":"wp","href":"https:\/\/api.w.org\/{rel}","templated":true}]}}