{"id":1515,"date":"2024-10-10T20:35:09","date_gmt":"2024-10-10T18:35:09","guid":{"rendered":"https:\/\/arkos.sk\/?page_id=1515"},"modified":"2024-10-12T14:05:08","modified_gmt":"2024-10-12T12:05:08","slug":"akrualne-uctovnictvo-popis","status":"publish","type":"page","link":"https:\/\/arkos.sk\/index.php\/akrualne-uctovnictvo-popis\/","title":{"rendered":"Akru\u00e1lne \u00fa\u010dtovn\u00edctvo Popis"},"content":{"rendered":"\t\t<div data-elementor-type=\"wp-page\" data-elementor-id=\"1515\" class=\"elementor elementor-1515\">\n\t\t\t\t<div class=\"elementor-element elementor-element-fabc2ef e-con-full e-flex e-con e-parent\" data-id=\"fabc2ef\" data-element_type=\"container\" data-settings=\"{&quot;background_background&quot;:&quot;slideshow&quot;,&quot;background_slideshow_gallery&quot;:[{&quot;id&quot;:1622,&quot;url&quot;:&quot;https:\\\/\\\/arkos.sk\\\/wp-content\\\/uploads\\\/2024\\\/10\\\/uafalan4-1.jpg&quot;}],&quot;background_slideshow_loop&quot;:&quot;yes&quot;,&quot;background_slideshow_slide_duration&quot;:5000,&quot;background_slideshow_slide_transition&quot;:&quot;fade&quot;,&quot;background_slideshow_transition_duration&quot;:500}\">\n\t\t\t\t<\/div>\n\t\t<div class=\"elementor-element elementor-element-49c417f e-flex e-con-boxed e-con e-parent\" data-id=\"49c417f\" data-element_type=\"container\" data-settings=\"{&quot;background_background&quot;:&quot;slideshow&quot;,&quot;background_slideshow_gallery&quot;:[],&quot;background_slideshow_loop&quot;:&quot;yes&quot;,&quot;background_slideshow_slide_duration&quot;:5000,&quot;background_slideshow_slide_transition&quot;:&quot;fade&quot;,&quot;background_slideshow_transition_duration&quot;:500}\">\n\t\t\t\t\t<div class=\"e-con-inner\">\n\t\t\t\t<div class=\"elementor-element elementor-element-cef8a74 elementor-widget elementor-widget-text-editor\" data-id=\"cef8a74\" data-element_type=\"widget\" data-widget_type=\"text-editor.default\">\n\t\t\t\t<div class=\"elementor-widget-container\">\n\t\t\t\t\t\t\t\t\t<h4>L.E.A. UAFALAN podvojn\u00e9 \u00fa\u010dtovn\u00edctvo<\/h4><p>je syst\u00e9m podvojn\u00e9ho \u00fa\u010dtovn\u00edctva ur\u010den\u00fd pre v\u0161etky podnikate\u013esk\u00e9 subjekty pre ktor\u00e9 vypl\u00fdva zo z\u00e1kona vies\u0165 svoju agendu syst\u00e9mom podvojn\u00e9ho \u00fa\u010dtovn\u00edctva. Taktie\u017e je vhodn\u00fd pre firmy zaoberaj\u00face sa spracovan\u00edm \u00fa\u010dtovn\u00fdch dokladov pre in\u00e9 subjekty. Samostatn\u00e1 verzia &#8211; akru\u00e1lne \u00fa\u010dtovn\u00edctvo &#8211; je ur\u010den\u00e1 pre organiz\u00e1cie MZ SR, Obce, V\u00daC a neziskov\u00e9 organiz\u00e1cie. Nav\u00e4zuje na 10-ro\u010dn\u00fd v\u00fdvoj syst\u00e9mu<b> UAFALAN <\/b>pre prostredie MS DOS. Vzh\u013eadom na neust\u00e1le sa stup\u0148uj\u00face po\u017eiadavky na rozvoj syst\u00e9mu sa prikro\u010dilo k vytvoreniu nov\u00e9ho syst\u00e9mu <b>UAFALAN,<\/b> pracuj\u00faceho v prostred\u00ed MS Windows. Samozrejme, v\u0161etky funkcie z verzie pre DOS boli implementovan\u00e9 a z\u00e1rove\u0148 bol syst\u00e9m roz\u0161\u00edren\u00fd o ve\u013ek\u00e9 mno\u017estvo nov\u00fdch funkci\u00ed a preh\u013eadov. <b>L.E.A. Uafalan<\/b> pracuje v prostred\u00ed MS Windows 95\/98\/2000\/ME\/NT\/XP\/W7\/W8\/W10\/W11.\u00a0<\/p>\t\t\t\t\t\t\t\t<\/div>\n\t\t\t\t<\/div>\n\t\t\t\t<div class=\"elementor-element elementor-element-d0de0f2 elementor-widget elementor-widget-image\" data-id=\"d0de0f2\" data-element_type=\"widget\" data-widget_type=\"image.default\">\n\t\t\t\t<div class=\"elementor-widget-container\">\n\t\t\t\t\t\t\t\t\t\t\t\t\t\t\t<img fetchpriority=\"high\" decoding=\"async\" width=\"550\" height=\"298\" src=\"https:\/\/arkos.sk\/wp-content\/uploads\/2024\/10\/Uafalan.jpg\" class=\"attachment-sydney-medium-thumb size-sydney-medium-thumb wp-image-1604\" alt=\"\" \/>\t\t\t\t\t\t\t\t\t\t\t\t\t\t\t<\/div>\n\t\t\t\t<\/div>\n\t\t\t\t<div class=\"elementor-element elementor-element-ebf598e elementor-widget elementor-widget-text-editor\" data-id=\"ebf598e\" data-element_type=\"widget\" data-widget_type=\"text-editor.default\">\n\t\t\t\t<div class=\"elementor-widget-container\">\n\t\t\t\t\t\t\t\t\t<p><span style=\"text-align: var(--text-align);\">Je dod\u00e1van\u00fd ako jednou\u017e\u00edvate\u013esk\u00e1, alebo plne sie\u0165ov\u00e1 verzia. Syst\u00e9m je zalo\u017een\u00fd na vysoko v\u00fdkonnej datab\u00e1ze architekt\u00fary Klient &#8211; Server, ktor\u00e1 umo\u017e\u0148uje r\u00fdchly pr\u00edstup k d\u00e1tam a ve\u013ek\u00fa bezpe\u010dnos\u0165 \u00fadajov v pr\u00edpade poruchy po\u010d\u00edta\u010dovej siete. U\u017e\u00edvate\u013esk\u00e1 obsluha syst\u00e9mu je ve\u013emi jednoduch\u00e1 \u2013 je dan\u00e1 prostred\u00edm Windows. Pri prechode z verzie Uafalan pre DOS na L.E.A. Uafalan je mo\u017en\u00e9 prebra\u0165 v\u0161etky d\u00e1ta, ktor\u00e9 boli vytvoren\u00e9 star\u00fdm syst\u00e9mom UAFALAN.<\/span><\/p>\n<p><span style=\"font-weight: bold;\">L.E.A. Uafalan&nbsp;<\/span>je syst\u00e9m, v ktorom sa spojuje evidencia dokladov s \u00fa\u010dtovan\u00edm tak\u00fdm sp\u00f4sobom, aby v\u00fdsledky bolo mo\u017en\u00e9 z\u00edska\u0165 r\u00f4znymi cestami. Sp\u00f4sob vedenia evidencie m\u00e1 vplyv na samotn\u00e9 \u00fa\u010dtovanie. \u010c\u00edm dokonalej\u0161ia je evidencia dokladov, t\u00fdm jednoduh\u0161ie sa \u00fa\u010dtuje. UAFALAN je mo\u017en\u00e9 prepoji\u0165 so syst\u00e9mami L.E.A. obchod alebo L.E.A. skladov\u00e9 hospod\u00e1rstvo. Autori syst\u00e9mu kl\u00e1dli d\u00f4raz na \u010do mo\u017eno najlep\u0161\u00ed sp\u00f4sob evidencie dokladov, aby bolo mo\u017en\u00e9 \u00fadaje z evidencie vy\u0165ahova\u0165 aj u\u017e\u00edvate\u013eom, ktor\u00ed nie s\u00fa \u00fa\u010dtovn\u00edkmi, ale \u00fadaje z \u00fa\u010dtovn\u00e9ho syst\u00e9mui potrebuj\u00fa a potrebuj\u00fa aby im boli \u010do najviac zrozumite\u013en\u00e9.<\/p>\n<p><span style=\"font-weight: bold;\">Funkcie L.E.A. Uafalan &#8211; podvojn\u00e9 \u00fa\u010dtovn\u00edctvo<\/span><span style=\"text-align: var(--text-align);\">&nbsp;<\/span><\/p>\n<ul>\n<li>evidencia dod\u00e1vate\u013esk\u00fdch fakt\u00far<\/li>\n<li><span style=\"text-align: var(--text-align);\">evidencia odberate\u013esk\u00fdch fakt\u00far a ich vystavovanie&nbsp;<\/span><\/li>\n<li><span style=\"text-align: var(--text-align);\">evidencia z\u00e1lohov\u00fdch fakt\u00far<\/span><\/li>\n<li><span style=\"text-align: var(--text-align);\">evidanecia bankov\u00fdch v\u00fdpisov, import bankov\u00fdch v\u00fdpisov form\u00e1t XML<\/span><\/li>\n<li><span style=\"text-align: var(--text-align);\">intern\u00fdch dokladov<\/span><\/li>\n<li><span style=\"text-align: var(--text-align);\">z\u00e1po\u010dtov<\/span><\/li>\n<li><span style=\"text-align: var(--text-align);\">Neobmedzen\u00e9 mno\u017estvo pokladni\u010dn\u00fdch kn\u00edh<\/span><\/li><li><span style=\"text-align: var(--text-align);\">Uchov\u00e1vanie evidovan\u00fdch dokladov &#8211; ich scanov &#8211; vo form\u00e1te pdf<\/span><\/li>\n<li><span style=\"text-align: var(--text-align);\">Roz\u00fa\u010dtovanie v\u0161etk\u00fdch typov dokladov &#8211; manu\u00e1lne alebo atomaticky<\/span><\/li>\n<li><span style=\"text-align: var(--text-align);\">Definovanie \u00fa\u010dtovn\u00fdch pr\u00edpadov pre automatick\u00e9 \u00fa\u010dtovanie u\u017e\u00edvate\u013eom<\/span><\/li>\n<li><span style=\"text-align: var(--text-align);\">Pe\u0148a\u017en\u00e9 meny<\/span><\/li>\n<li><span style=\"text-align: var(--text-align);\">Kurzovn\u00fd l\u00edstok<\/span><\/li>\n<li><span style=\"text-align: var(--text-align);\">Vytv\u00e1ranie vlastn\u00fdch faktura\u010dn\u00fdch polo\u017eiek<\/span><\/li>\n<li><span style=\"text-align: var(--text-align);\">St\u00e1le platby<\/span><\/li>\n<li><span style=\"text-align: var(--text-align);\">\u00da\u010dtovn\u00e1 osnova, stredisk\u00e1, z\u00e1kazky<\/span><\/li>\n<li><span style=\"text-align: var(--text-align);\">V\u00fdkaz ziskov a str\u00e1t v plnom rozsahu<\/span><\/li>\n<li><span style=\"text-align: var(--text-align);\">S\u00favaha v plnom rozsahu<\/span><\/li>\n<li><span style=\"text-align: var(--text-align);\">Rozpo\u010dty stred\u00edsk<\/span><\/li>\n<li><span style=\"text-align: var(--text-align);\">Rozpo\u010dty z\u00e1kaziek<\/span><\/li>\n<li><span style=\"text-align: var(--text-align);\">Tvorba vlastn\u00fdch v\u00fdkazov<\/span><\/li>\n<li><span style=\"text-align: var(--text-align);\">Zahrani\u010dn\u00e9 banky<\/span><\/li>\n<li><span style=\"text-align: var(--text-align);\">Zahrani\u010dn\u00e9 \u00fahrady<\/span><\/li>\n<li><span style=\"text-align: var(--text-align);\">\u00da\u010dtovanie v dom\u00e1cej i zahrani\u010dnej mene<\/span><\/li>\n<li><span style=\"text-align: var(--text-align);\">V\u00fdpo\u010det kurzov\u00fdch rozdielov<\/span><\/li>\n<li><span style=\"text-align: var(--text-align);\">Ro\u010dn\u00e1 uz\u00e1vierka s prevodmi<\/span><\/li>\n<li><span style=\"text-align: var(--text-align);\">Pr\u00edkazy na \u00fahradu, export pre banku<\/span><\/li>\n<li><span style=\"text-align: var(--text-align);\">Mno\u017estvo zost\u00e1v a preh\u013eadov<\/span><\/li>\n<li><span style=\"text-align: var(--text-align);\">Kontroln\u00e9 zostavy pre za\u00fa\u010dtovanie<\/span><\/li>\n<li><span style=\"text-align: var(--text-align);\">Sledovanie DPH pre pl\u00e1tcov dane s v\u00fdstupom pre priznanie<\/span><\/li>\n<li><span style=\"text-align: var(--text-align);\">Kontroln\u00fd v\u00fdkaz DPH s v\u00fdstupom XML pre finan\u010dn\u00fa spr\u00e1vu<\/span><\/li>\n<li><span style=\"text-align: var(--text-align);\">R\u00f4zne druhy tla\u010de (tla\u010d ob\u00e1lok, etikiet,&#8230;&#8230;)<\/span><\/li>\n<li><span style=\"text-align: var(--text-align);\">Export datab\u00e1z do viacer\u00fdch form\u00e1tov (ASCII, Excel)<\/span><\/li>\n<li><span style=\"text-align: var(--text-align);\">Dynamick\u00e9 nastavovanie syst\u00e9mu u\u017e\u00edvate\u013eom<\/span><\/li>\n<li><span style=\"text-align: var(--text-align);\">A ve\u013ea \u010fa\u013e\u0161\u00edch funkci\u00ed &#8230;<\/span><\/li>\n<\/ul>\n<p><span style=\"text-align: var(--text-align);\"><span style=\"font-weight: bold;\">L.E.A. Uafalan<\/span>&nbsp;zaru\u010duje pr\u00e1cu v re\u00e1lnom \u010dase &#8211; umo\u017e\u0148uje odsledova\u0165 finan\u010dn\u00e9 toky. V pr\u00edpade potreby m\u00e1te mo\u017enos\u0165 nazrie\u0165 do s\u00faboru Pomoc, ktor\u00fd je pr\u00edstupn\u00fd v ka\u017edom okamihu pr\u00e1ce<\/span><\/p>\t\t\t\t\t\t\t\t<\/div>\n\t\t\t\t<\/div>\n\t\t\t\t\t<\/div>\n\t\t\t\t<\/div>\n\t\t\t\t<\/div>\n\t\t","protected":false},"excerpt":{"rendered":"<p>L.E.A. UAFALAN podvojn\u00e9 \u00fa\u010dtovn\u00edctvo je syst\u00e9m podvojn\u00e9ho \u00fa\u010dtovn\u00edctva ur\u010den\u00fd pre v\u0161etky podnikate\u013esk\u00e9 subjekty pre ktor\u00e9 vypl\u00fdva zo z\u00e1kona vies\u0165 svoju agendu syst\u00e9mom [&hellip;]<\/p>\n","protected":false},"author":1,"featured_media":0,"parent":0,"menu_order":0,"comment_status":"closed","ping_status":"closed","template":"page-templates\/page_front-page.php","meta":{"_monsterinsights_skip_tracking":false,"_monsterinsights_sitenote_active":false,"_monsterinsights_sitenote_note":"","_monsterinsights_sitenote_category":0,"footnotes":""},"class_list":["post-1515","page","type-page","status-publish","hentry"],"yoast_head":"<!-- This site is optimized with the Yoast SEO plugin v25.6 - https:\/\/yoast.com\/wordpress\/plugins\/seo\/ -->\n<title>Akru\u00e1lne \u00fa\u010dtovn\u00edctvo Popis - Arkos<\/title>\n<meta name=\"robots\" content=\"index, follow, max-snippet:-1, max-image-preview:large, max-video-preview:-1\" \/>\n<link rel=\"canonical\" href=\"https:\/\/arkos.sk\/index.php\/akrualne-uctovnictvo-popis\/\" \/>\n<meta property=\"og:locale\" content=\"sk_SK\" \/>\n<meta property=\"og:type\" content=\"article\" \/>\n<meta property=\"og:title\" content=\"Akru\u00e1lne \u00fa\u010dtovn\u00edctvo Popis - Arkos\" \/>\n<meta property=\"og:description\" content=\"L.E.A. UAFALAN podvojn\u00e9 \u00fa\u010dtovn\u00edctvo je syst\u00e9m podvojn\u00e9ho \u00fa\u010dtovn\u00edctva ur\u010den\u00fd pre v\u0161etky podnikate\u013esk\u00e9 subjekty pre ktor\u00e9 vypl\u00fdva zo z\u00e1kona vies\u0165 svoju agendu syst\u00e9mom [&hellip;]\" \/>\n<meta property=\"og:url\" content=\"https:\/\/arkos.sk\/index.php\/akrualne-uctovnictvo-popis\/\" \/>\n<meta property=\"og:site_name\" content=\"Arkos\" \/>\n<meta property=\"article:modified_time\" content=\"2024-10-12T12:05:08+00:00\" \/>\n<meta name=\"twitter:card\" content=\"summary_large_image\" \/>\n<meta name=\"twitter:label1\" content=\"Predpokladan\u00fd \u010das \u010d\u00edtania\" \/>\n\t<meta name=\"twitter:data1\" content=\"3 min\u00faty\" \/>\n<script type=\"application\/ld+json\" class=\"yoast-schema-graph\">{\"@context\":\"https:\/\/schema.org\",\"@graph\":[{\"@type\":\"WebPage\",\"@id\":\"https:\/\/arkos.sk\/index.php\/akrualne-uctovnictvo-popis\/\",\"url\":\"https:\/\/arkos.sk\/index.php\/akrualne-uctovnictvo-popis\/\",\"name\":\"Akru\u00e1lne \u00fa\u010dtovn\u00edctvo Popis - Arkos\",\"isPartOf\":{\"@id\":\"https:\/\/arkos.sk\/#website\"},\"primaryImageOfPage\":{\"@id\":\"https:\/\/arkos.sk\/index.php\/akrualne-uctovnictvo-popis\/#primaryimage\"},\"image\":{\"@id\":\"https:\/\/arkos.sk\/index.php\/akrualne-uctovnictvo-popis\/#primaryimage\"},\"thumbnailUrl\":\"https:\/\/arkos.sk\/wp-content\/uploads\/2024\/10\/Uafalan.jpg\",\"datePublished\":\"2024-10-10T18:35:09+00:00\",\"dateModified\":\"2024-10-12T12:05:08+00:00\",\"breadcrumb\":{\"@id\":\"https:\/\/arkos.sk\/index.php\/akrualne-uctovnictvo-popis\/#breadcrumb\"},\"inLanguage\":\"sk-SK\",\"potentialAction\":[{\"@type\":\"ReadAction\",\"target\":[\"https:\/\/arkos.sk\/index.php\/akrualne-uctovnictvo-popis\/\"]}]},{\"@type\":\"ImageObject\",\"inLanguage\":\"sk-SK\",\"@id\":\"https:\/\/arkos.sk\/index.php\/akrualne-uctovnictvo-popis\/#primaryimage\",\"url\":\"https:\/\/arkos.sk\/wp-content\/uploads\/2024\/10\/Uafalan.jpg\",\"contentUrl\":\"https:\/\/arkos.sk\/wp-content\/uploads\/2024\/10\/Uafalan.jpg\",\"width\":1916,\"height\":1039},{\"@type\":\"BreadcrumbList\",\"@id\":\"https:\/\/arkos.sk\/index.php\/akrualne-uctovnictvo-popis\/#breadcrumb\",\"itemListElement\":[{\"@type\":\"ListItem\",\"position\":1,\"name\":\"Home\",\"item\":\"https:\/\/arkos.sk\/\"},{\"@type\":\"ListItem\",\"position\":2,\"name\":\"Akru\u00e1lne \u00fa\u010dtovn\u00edctvo Popis\"}]},{\"@type\":\"WebSite\",\"@id\":\"https:\/\/arkos.sk\/#website\",\"url\":\"https:\/\/arkos.sk\/\",\"name\":\"Arkos\",\"description\":\"\",\"potentialAction\":[{\"@type\":\"SearchAction\",\"target\":{\"@type\":\"EntryPoint\",\"urlTemplate\":\"https:\/\/arkos.sk\/?s={search_term_string}\"},\"query-input\":{\"@type\":\"PropertyValueSpecification\",\"valueRequired\":true,\"valueName\":\"search_term_string\"}}],\"inLanguage\":\"sk-SK\"}]}<\/script>\n<!-- \/ Yoast SEO plugin. -->","yoast_head_json":{"title":"Akru\u00e1lne \u00fa\u010dtovn\u00edctvo Popis - Arkos","robots":{"index":"index","follow":"follow","max-snippet":"max-snippet:-1","max-image-preview":"max-image-preview:large","max-video-preview":"max-video-preview:-1"},"canonical":"https:\/\/arkos.sk\/index.php\/akrualne-uctovnictvo-popis\/","og_locale":"sk_SK","og_type":"article","og_title":"Akru\u00e1lne \u00fa\u010dtovn\u00edctvo Popis - Arkos","og_description":"L.E.A. UAFALAN podvojn\u00e9 \u00fa\u010dtovn\u00edctvo je syst\u00e9m podvojn\u00e9ho \u00fa\u010dtovn\u00edctva ur\u010den\u00fd pre v\u0161etky podnikate\u013esk\u00e9 subjekty pre ktor\u00e9 vypl\u00fdva zo z\u00e1kona vies\u0165 svoju agendu syst\u00e9mom [&hellip;]","og_url":"https:\/\/arkos.sk\/index.php\/akrualne-uctovnictvo-popis\/","og_site_name":"Arkos","article_modified_time":"2024-10-12T12:05:08+00:00","twitter_card":"summary_large_image","twitter_misc":{"Predpokladan\u00fd \u010das \u010d\u00edtania":"3 min\u00faty"},"schema":{"@context":"https:\/\/schema.org","@graph":[{"@type":"WebPage","@id":"https:\/\/arkos.sk\/index.php\/akrualne-uctovnictvo-popis\/","url":"https:\/\/arkos.sk\/index.php\/akrualne-uctovnictvo-popis\/","name":"Akru\u00e1lne \u00fa\u010dtovn\u00edctvo Popis - Arkos","isPartOf":{"@id":"https:\/\/arkos.sk\/#website"},"primaryImageOfPage":{"@id":"https:\/\/arkos.sk\/index.php\/akrualne-uctovnictvo-popis\/#primaryimage"},"image":{"@id":"https:\/\/arkos.sk\/index.php\/akrualne-uctovnictvo-popis\/#primaryimage"},"thumbnailUrl":"https:\/\/arkos.sk\/wp-content\/uploads\/2024\/10\/Uafalan.jpg","datePublished":"2024-10-10T18:35:09+00:00","dateModified":"2024-10-12T12:05:08+00:00","breadcrumb":{"@id":"https:\/\/arkos.sk\/index.php\/akrualne-uctovnictvo-popis\/#breadcrumb"},"inLanguage":"sk-SK","potentialAction":[{"@type":"ReadAction","target":["https:\/\/arkos.sk\/index.php\/akrualne-uctovnictvo-popis\/"]}]},{"@type":"ImageObject","inLanguage":"sk-SK","@id":"https:\/\/arkos.sk\/index.php\/akrualne-uctovnictvo-popis\/#primaryimage","url":"https:\/\/arkos.sk\/wp-content\/uploads\/2024\/10\/Uafalan.jpg","contentUrl":"https:\/\/arkos.sk\/wp-content\/uploads\/2024\/10\/Uafalan.jpg","width":1916,"height":1039},{"@type":"BreadcrumbList","@id":"https:\/\/arkos.sk\/index.php\/akrualne-uctovnictvo-popis\/#breadcrumb","itemListElement":[{"@type":"ListItem","position":1,"name":"Home","item":"https:\/\/arkos.sk\/"},{"@type":"ListItem","position":2,"name":"Akru\u00e1lne \u00fa\u010dtovn\u00edctvo Popis"}]},{"@type":"WebSite","@id":"https:\/\/arkos.sk\/#website","url":"https:\/\/arkos.sk\/","name":"Arkos","description":"","potentialAction":[{"@type":"SearchAction","target":{"@type":"EntryPoint","urlTemplate":"https:\/\/arkos.sk\/?s={search_term_string}"},"query-input":{"@type":"PropertyValueSpecification","valueRequired":true,"valueName":"search_term_string"}}],"inLanguage":"sk-SK"}]}},"_links":{"self":[{"href":"https:\/\/arkos.sk\/index.php\/wp-json\/wp\/v2\/pages\/1515"}],"collection":[{"href":"https:\/\/arkos.sk\/index.php\/wp-json\/wp\/v2\/pages"}],"about":[{"href":"https:\/\/arkos.sk\/index.php\/wp-json\/wp\/v2\/types\/page"}],"author":[{"embeddable":true,"href":"https:\/\/arkos.sk\/index.php\/wp-json\/wp\/v2\/users\/1"}],"replies":[{"embeddable":true,"href":"https:\/\/arkos.sk\/index.php\/wp-json\/wp\/v2\/comments?post=1515"}],"version-history":[{"count":6,"href":"https:\/\/arkos.sk\/index.php\/wp-json\/wp\/v2\/pages\/1515\/revisions"}],"predecessor-version":[{"id":1635,"href":"https:\/\/arkos.sk\/index.php\/wp-json\/wp\/v2\/pages\/1515\/revisions\/1635"}],"wp:attachment":[{"href":"https:\/\/arkos.sk\/index.php\/wp-json\/wp\/v2\/media?parent=1515"}],"curies":[{"name":"wp","href":"https:\/\/api.w.org\/{rel}","templated":true}]}}