{"id":1216,"date":"2024-10-09T00:35:54","date_gmt":"2024-10-08T22:35:54","guid":{"rendered":"https:\/\/arkos.sk\/?page_id=1216"},"modified":"2024-10-13T11:20:58","modified_gmt":"2024-10-13T09:20:58","slug":"chyba","status":"publish","type":"page","link":"https:\/\/arkos.sk\/index.php\/chyba\/","title":{"rendered":"\u013dutujeme"},"content":{"rendered":"\n<p class=\"has-medium-font-size\">Nem\u00e1te opr\u00e1vnenie na t\u00fato str\u00e1nku!<\/p>\n\n\n\n<p><\/p>\n","protected":false},"excerpt":{"rendered":"<p>Nem\u00e1te opr\u00e1vnenie na t\u00fato str\u00e1nku!<\/p>\n","protected":false},"author":1,"featured_media":0,"parent":0,"menu_order":0,"comment_status":"closed","ping_status":"closed","template":"","meta":{"_monsterinsights_skip_tracking":false,"_monsterinsights_sitenote_active":false,"_monsterinsights_sitenote_note":"","_monsterinsights_sitenote_category":0,"footnotes":""},"class_list":["post-1216","page","type-page","status-publish","hentry"],"yoast_head":"<!-- This site is optimized with the Yoast SEO plugin v25.6 - https:\/\/yoast.com\/wordpress\/plugins\/seo\/ -->\n<title>\u013dutujeme - Arkos<\/title>\n<meta name=\"robots\" content=\"index, follow, max-snippet:-1, max-image-preview:large, max-video-preview:-1\" \/>\n<link rel=\"canonical\" href=\"https:\/\/arkos.sk\/index.php\/chyba\/\" \/>\n<meta property=\"og:locale\" content=\"sk_SK\" \/>\n<meta property=\"og:type\" content=\"article\" \/>\n<meta property=\"og:title\" content=\"\u013dutujeme - Arkos\" \/>\n<meta property=\"og:description\" content=\"Nem\u00e1te opr\u00e1vnenie na t\u00fato str\u00e1nku!\" \/>\n<meta property=\"og:url\" content=\"https:\/\/arkos.sk\/index.php\/chyba\/\" \/>\n<meta property=\"og:site_name\" content=\"Arkos\" \/>\n<meta property=\"article:modified_time\" content=\"2024-10-13T09:20:58+00:00\" \/>\n<meta name=\"twitter:card\" content=\"summary_large_image\" \/>\n<meta name=\"twitter:label1\" content=\"Predpokladan\u00fd \u010das \u010d\u00edtania\" \/>\n\t<meta name=\"twitter:data1\" content=\"1 min\u00fata\" \/>\n<script type=\"application\/ld+json\" class=\"yoast-schema-graph\">{\"@context\":\"https:\/\/schema.org\",\"@graph\":[{\"@type\":\"WebPage\",\"@id\":\"https:\/\/arkos.sk\/index.php\/chyba\/\",\"url\":\"https:\/\/arkos.sk\/index.php\/chyba\/\",\"name\":\"\u013dutujeme - Arkos\",\"isPartOf\":{\"@id\":\"https:\/\/arkos.sk\/#website\"},\"datePublished\":\"2024-10-08T22:35:54+00:00\",\"dateModified\":\"2024-10-13T09:20:58+00:00\",\"breadcrumb\":{\"@id\":\"https:\/\/arkos.sk\/index.php\/chyba\/#breadcrumb\"},\"inLanguage\":\"sk-SK\",\"potentialAction\":[{\"@type\":\"ReadAction\",\"target\":[\"https:\/\/arkos.sk\/index.php\/chyba\/\"]}]},{\"@type\":\"BreadcrumbList\",\"@id\":\"https:\/\/arkos.sk\/index.php\/chyba\/#breadcrumb\",\"itemListElement\":[{\"@type\":\"ListItem\",\"position\":1,\"name\":\"Home\",\"item\":\"https:\/\/arkos.sk\/\"},{\"@type\":\"ListItem\",\"position\":2,\"name\":\"\u013dutujeme\"}]},{\"@type\":\"WebSite\",\"@id\":\"https:\/\/arkos.sk\/#website\",\"url\":\"https:\/\/arkos.sk\/\",\"name\":\"Arkos\",\"description\":\"\",\"potentialAction\":[{\"@type\":\"SearchAction\",\"target\":{\"@type\":\"EntryPoint\",\"urlTemplate\":\"https:\/\/arkos.sk\/?s={search_term_string}\"},\"query-input\":{\"@type\":\"PropertyValueSpecification\",\"valueRequired\":true,\"valueName\":\"search_term_string\"}}],\"inLanguage\":\"sk-SK\"}]}<\/script>\n<!-- \/ Yoast SEO plugin. -->","yoast_head_json":{"title":"\u013dutujeme - Arkos","robots":{"index":"index","follow":"follow","max-snippet":"max-snippet:-1","max-image-preview":"max-image-preview:large","max-video-preview":"max-video-preview:-1"},"canonical":"https:\/\/arkos.sk\/index.php\/chyba\/","og_locale":"sk_SK","og_type":"article","og_title":"\u013dutujeme - Arkos","og_description":"Nem\u00e1te opr\u00e1vnenie na t\u00fato str\u00e1nku!","og_url":"https:\/\/arkos.sk\/index.php\/chyba\/","og_site_name":"Arkos","article_modified_time":"2024-10-13T09:20:58+00:00","twitter_card":"summary_large_image","twitter_misc":{"Predpokladan\u00fd \u010das \u010d\u00edtania":"1 min\u00fata"},"schema":{"@context":"https:\/\/schema.org","@graph":[{"@type":"WebPage","@id":"https:\/\/arkos.sk\/index.php\/chyba\/","url":"https:\/\/arkos.sk\/index.php\/chyba\/","name":"\u013dutujeme - Arkos","isPartOf":{"@id":"https:\/\/arkos.sk\/#website"},"datePublished":"2024-10-08T22:35:54+00:00","dateModified":"2024-10-13T09:20:58+00:00","breadcrumb":{"@id":"https:\/\/arkos.sk\/index.php\/chyba\/#breadcrumb"},"inLanguage":"sk-SK","potentialAction":[{"@type":"ReadAction","target":["https:\/\/arkos.sk\/index.php\/chyba\/"]}]},{"@type":"BreadcrumbList","@id":"https:\/\/arkos.sk\/index.php\/chyba\/#breadcrumb","itemListElement":[{"@type":"ListItem","position":1,"name":"Home","item":"https:\/\/arkos.sk\/"},{"@type":"ListItem","position":2,"name":"\u013dutujeme"}]},{"@type":"WebSite","@id":"https:\/\/arkos.sk\/#website","url":"https:\/\/arkos.sk\/","name":"Arkos","description":"","potentialAction":[{"@type":"SearchAction","target":{"@type":"EntryPoint","urlTemplate":"https:\/\/arkos.sk\/?s={search_term_string}"},"query-input":{"@type":"PropertyValueSpecification","valueRequired":true,"valueName":"search_term_string"}}],"inLanguage":"sk-SK"}]}},"_links":{"self":[{"href":"https:\/\/arkos.sk\/index.php\/wp-json\/wp\/v2\/pages\/1216"}],"collection":[{"href":"https:\/\/arkos.sk\/index.php\/wp-json\/wp\/v2\/pages"}],"about":[{"href":"https:\/\/arkos.sk\/index.php\/wp-json\/wp\/v2\/types\/page"}],"author":[{"embeddable":true,"href":"https:\/\/arkos.sk\/index.php\/wp-json\/wp\/v2\/users\/1"}],"replies":[{"embeddable":true,"href":"https:\/\/arkos.sk\/index.php\/wp-json\/wp\/v2\/comments?post=1216"}],"version-history":[{"count":5,"href":"https:\/\/arkos.sk\/index.php\/wp-json\/wp\/v2\/pages\/1216\/revisions"}],"predecessor-version":[{"id":1740,"href":"https:\/\/arkos.sk\/index.php\/wp-json\/wp\/v2\/pages\/1216\/revisions\/1740"}],"wp:attachment":[{"href":"https:\/\/arkos.sk\/index.php\/wp-json\/wp\/v2\/media?parent=1216"}],"curies":[{"name":"wp","href":"https:\/\/api.w.org\/{rel}","templated":true}]}}